{"id":3009,"date":"2021-08-11T12:00:00","date_gmt":"2021-08-11T10:00:00","guid":{"rendered":"http:\/\/new.brauhaussion.de\/celebrating\/"},"modified":"2021-08-16T17:45:57","modified_gmt":"2021-08-16T15:45:57","slug":"celebrating","status":"publish","type":"page","link":"https:\/\/www.brauhaus-sion.de\/en\/celebrating\/","title":{"rendered":"Celebrating"},"content":{"rendered":"<div class=\"wpb-content-wrapper\"><p>[vc_row row_height_percent=&#8221;100&#8243; override_padding=&#8221;yes&#8221; h_padding=&#8221;2&#8243; top_padding=&#8221;2&#8243; bottom_padding=&#8221;2&#8243; back_color=&#8221;color-jevc&#8221; back_image=&#8221;1229&#8243; kburns=&#8221;zoom&#8221; overlay_alpha=&#8221;50&#8243; gutter_size=&#8221;3&#8243; column_width_percent=&#8221;100&#8243; shift_y=&#8221;0&#8243; z_index=&#8221;0&#8243; auto_height_device=&#8221;yes&#8221; el_class=&#8221;header-light&#8221;][vc_column column_width_percent=&#8221;100&#8243; position_vertical=&#8221;middle&#8221; align_horizontal=&#8221;align_center&#8221; gutter_size=&#8221;3&#8243; style=&#8221;dark&#8221; overlay_alpha=&#8221;50&#8243; shift_x=&#8221;0&#8243; shift_y=&#8221;0&#8243; shift_y_down=&#8221;0&#8243; z_index=&#8221;0&#8243; medium_width=&#8221;0&#8243; mobile_width=&#8221;0&#8243; width=&#8221;1\/1&#8243;][vc_custom_heading heading_semantic=&#8221;h1&#8243; text_font=&#8221;font-861782&#8243; text_size=&#8221;h1&#8243; text_transform=&#8221;uppercase&#8221; text_height=&#8221;fontheight-113402&#8243; text_space=&#8221;fontspace-676949&#8243; separator=&#8221;over&#8221; separator_color=&#8221;yes&#8221; css_animation=&#8221;top-t-bottom&#8221; el_class=&#8221;head-01&#8243;]<\/p>\n<div><span lang=\"EN-US\">Celebrate at Brauhaus Sion!<\/span><\/div>\n<p>[\/vc_custom_heading][vc_custom_heading text_font=&#8221;font-624777&#8243; text_size=&#8221;h4&#8243; text_weight=&#8221;900&#8243; text_transform=&#8221;uppercase&#8221; text_height=&#8221;fontheight-146276&#8243; text_space=&#8221;fontspace-898405&#8243; text_italic=&#8221;yes&#8221; separator=&#8221;yes&#8221; separator_color=&#8221;yes&#8221; css_animation=&#8221;bottom-t-top&#8221; animation_delay=&#8221;600&#8243; el_class=&#8221;head-02&#8243;]<mark>We know how to have a good time.<\/mark>[\/vc_custom_heading][\/vc_column][\/vc_row][vc_row row_height_percent=&#8221;0&#8243; override_padding=&#8221;yes&#8221; h_padding=&#8221;2&#8243; top_padding=&#8221;3&#8243; bottom_padding=&#8221;0&#8243; overlay_alpha=&#8221;50&#8243; gutter_size=&#8221;3&#8243; column_width_percent=&#8221;100&#8243; shift_y=&#8221;0&#8243; z_index=&#8221;0&#8243; row_name=&#8221;private-feiern&#8221;][vc_column column_width_percent=&#8221;100&#8243; gutter_size=&#8221;0&#8243; overlay_alpha=&#8221;50&#8243; shift_x=&#8221;0&#8243; shift_y=&#8221;0&#8243; shift_y_down=&#8221;0&#8243; z_index=&#8221;0&#8243; medium_width=&#8221;0&#8243; mobile_width=&#8221;0&#8243; width=&#8221;1\/1&#8243;][vc_row_inner row_inner_height_percent=&#8221;0&#8243; back_color=&#8221;color-xsdn&#8221; overlay_alpha=&#8221;50&#8243; gutter_size=&#8221;0&#8243; shift_y=&#8221;0&#8243; z_index=&#8221;0&#8243;][vc_column_inner column_width_percent=&#8221;100&#8243; gutter_size=&#8221;0&#8243; override_padding=&#8221;yes&#8221; column_padding=&#8221;0&#8243; overlay_alpha=&#8221;50&#8243; shift_x=&#8221;0&#8243; shift_y=&#8221;0&#8243; shift_y_down=&#8221;0&#8243; z_index=&#8221;0&#8243; medium_width=&#8221;6&#8243; mobile_width=&#8221;0&#8243; width=&#8221;1\/2&#8243;][vc_single_image media=&#8221;1246&#8243; media_width_use_pixel=&#8221;yes&#8221; css_animation=&#8221;bottom-t-top&#8221;][\/vc_column_inner][vc_column_inner column_width_percent=&#8221;100&#8243; gutter_size=&#8221;3&#8243; override_padding=&#8221;yes&#8221; column_padding=&#8221;2&#8243; overlay_alpha=&#8221;50&#8243; shift_x=&#8221;0&#8243; shift_y=&#8221;0&#8243; shift_y_down=&#8221;0&#8243; z_index=&#8221;0&#8243; medium_width=&#8221;7&#8243; mobile_width=&#8221;0&#8243; width=&#8221;1\/2&#8243;][vc_custom_heading heading_semantic=&#8221;h3&#8243; text_font=&#8221;font-861782&#8243; text_size=&#8221;fontsize-196783&#8243; text_transform=&#8221;uppercase&#8221; text_height=&#8221;fontheight-467558&#8243; text_space=&#8221;fontspace-311238&#8243; css_animation=&#8221;bottom-t-top&#8221; el_class=&#8221;first-content-head&#8221;]Private parties[\/vc_custom_heading][vc_column_text css_animation=&#8221;bottom-t-top&#8221; animation_delay=&#8221;200&#8243;]Ob Geburtstag, Taufe, Kommunion oder auch ein Wiedersehensfest mit den besten Freunden. Es gibt viele Gr\u00fcnde zum Feiern. Und wir haben immer den passenden Rahmen f\u00fcr Sie. Feiern Sie doch Ihren n\u00e4chsten Geburtstag im Herzen K\u00f6lns in der <a href=\"https:\/\/www.brauhaus-sion.de\/en\/facilities\/#altstadtstube\">Altstadtstube<\/a>![\/vc_column_text][\/vc_column_inner][\/vc_row_inner][\/vc_column][\/vc_row][vc_row row_height_percent=&#8221;0&#8243; override_padding=&#8221;yes&#8221; h_padding=&#8221;2&#8243; top_padding=&#8221;0&#8243; bottom_padding=&#8221;0&#8243; overlay_alpha=&#8221;50&#8243; gutter_size=&#8221;3&#8243; column_width_percent=&#8221;100&#8243; shift_y=&#8221;0&#8243; z_index=&#8221;0&#8243; row_name=&#8221;hochzeiten&#8221;][vc_column column_width_percent=&#8221;100&#8243; gutter_size=&#8221;0&#8243; overlay_alpha=&#8221;50&#8243; shift_x=&#8221;0&#8243; shift_y=&#8221;0&#8243; shift_y_down=&#8221;0&#8243; z_index=&#8221;0&#8243; medium_width=&#8221;0&#8243; mobile_width=&#8221;0&#8243; width=&#8221;1\/1&#8243;][vc_row_inner row_inner_height_percent=&#8221;0&#8243; back_color=&#8221;color-xsdn&#8221; overlay_alpha=&#8221;50&#8243; gutter_size=&#8221;0&#8243; shift_y=&#8221;0&#8243; z_index=&#8221;0&#8243;][vc_column_inner column_width_percent=&#8221;100&#8243; align_horizontal=&#8221;align_right&#8221; gutter_size=&#8221;3&#8243; override_padding=&#8221;yes&#8221; column_padding=&#8221;2&#8243; overlay_alpha=&#8221;50&#8243; shift_x=&#8221;0&#8243; shift_y=&#8221;0&#8243; shift_y_down=&#8221;0&#8243; z_index=&#8221;0&#8243; medium_width=&#8221;7&#8243; mobile_width=&#8221;0&#8243; width=&#8221;1\/2&#8243;][vc_custom_heading heading_semantic=&#8221;h3&#8243; text_font=&#8221;font-861782&#8243; text_size=&#8221;fontsize-196783&#8243; text_transform=&#8221;uppercase&#8221; text_height=&#8221;fontheight-467558&#8243; text_space=&#8221;fontspace-311238&#8243; css_animation=&#8221;bottom-t-top&#8221; el_class=&#8221;first-content-head&#8221;]Weddings[\/vc_custom_heading][vc_column_text css_animation=&#8221;bottom-t-top&#8221; animation_delay=&#8221;200&#8243;]Ihr gro\u00dfer Tag soll richtig k\u00f6lsch und besonders sein? F\u00fcr Ihr au\u00dfergew\u00f6hnliches Fest sind wir gerne Gastgeber. Ganz nach Ihren W\u00fcnschen und Vorstellungen, denn daran werden Sie sich f\u00fcr immer erinnern. Wir sorgen daf\u00fcr, dass dieser Tag unvergesslich wird. Planen Sie Ihre Hochzeit bei uns in der <a href=\"https:\/\/www.brauhaus-sion.de\/en\/facilities\/#alte-brauerei\">Alten Brauerei<\/a>.[\/vc_column_text][vc_button button_color=&#8221;color-wayh&#8221; size=&#8221;btn-lg&#8221; hover_fx=&#8221;full-colored&#8221; border_width=&#8221;0&#8243; css_animation=&#8221;zoom-in&#8221; animation_delay=&#8221;800&#8243; link=&#8221;url:https%3A%2F%2Fwww.brauhaus-sion.de%2Fen%2Fweddings%2F|title:Celebrations|&#8221; button_color_type=&#8221;uncode-palette&#8221; uncode_shortcode_id=&#8221;166982&#8243;]more[\/vc_button][\/vc_column_inner][vc_column_inner column_width_percent=&#8221;100&#8243; gutter_size=&#8221;0&#8243; override_padding=&#8221;yes&#8221; column_padding=&#8221;0&#8243; overlay_alpha=&#8221;50&#8243; shift_x=&#8221;0&#8243; shift_y=&#8221;0&#8243; shift_y_down=&#8221;0&#8243; z_index=&#8221;0&#8243; medium_width=&#8221;6&#8243; mobile_width=&#8221;0&#8243; width=&#8221;1\/2&#8243;][vc_single_image media=&#8221;1237&#8243; media_width_use_pixel=&#8221;yes&#8221; css_animation=&#8221;bottom-t-top&#8221;][\/vc_column_inner][\/vc_row_inner][\/vc_column][\/vc_row][vc_row row_height_percent=&#8221;0&#8243; override_padding=&#8221;yes&#8221; h_padding=&#8221;2&#8243; top_padding=&#8221;0&#8243; bottom_padding=&#8221;0&#8243; overlay_alpha=&#8221;50&#8243; gutter_size=&#8221;3&#8243; column_width_percent=&#8221;100&#8243; shift_y=&#8221;0&#8243; z_index=&#8221;0&#8243; row_name=&#8221;firmenevents&#8221;][vc_column column_width_percent=&#8221;100&#8243; gutter_size=&#8221;0&#8243; overlay_alpha=&#8221;50&#8243; shift_x=&#8221;0&#8243; shift_y=&#8221;0&#8243; shift_y_down=&#8221;0&#8243; z_index=&#8221;0&#8243; medium_width=&#8221;0&#8243; mobile_width=&#8221;0&#8243; width=&#8221;1\/1&#8243;][vc_row_inner row_inner_height_percent=&#8221;0&#8243; back_color=&#8221;color-xsdn&#8221; overlay_alpha=&#8221;50&#8243; gutter_size=&#8221;0&#8243; shift_y=&#8221;0&#8243; z_index=&#8221;0&#8243;][vc_column_inner column_width_percent=&#8221;100&#8243; gutter_size=&#8221;0&#8243; override_padding=&#8221;yes&#8221; column_padding=&#8221;0&#8243; overlay_alpha=&#8221;50&#8243; shift_x=&#8221;0&#8243; shift_y=&#8221;0&#8243; shift_y_down=&#8221;0&#8243; z_index=&#8221;0&#8243; medium_width=&#8221;6&#8243; mobile_width=&#8221;0&#8243; width=&#8221;1\/2&#8243;][vc_single_image media=&#8221;1243&#8243; media_width_use_pixel=&#8221;yes&#8221; css_animation=&#8221;bottom-t-top&#8221;][\/vc_column_inner][vc_column_inner column_width_percent=&#8221;100&#8243; gutter_size=&#8221;3&#8243; override_padding=&#8221;yes&#8221; column_padding=&#8221;2&#8243; overlay_alpha=&#8221;50&#8243; shift_x=&#8221;0&#8243; shift_y=&#8221;0&#8243; shift_y_down=&#8221;0&#8243; z_index=&#8221;0&#8243; medium_width=&#8221;7&#8243; mobile_width=&#8221;0&#8243; width=&#8221;1\/2&#8243;][vc_custom_heading heading_semantic=&#8221;h3&#8243; text_font=&#8221;font-861782&#8243; text_size=&#8221;fontsize-196783&#8243; text_transform=&#8221;uppercase&#8221; text_height=&#8221;fontheight-467558&#8243; text_space=&#8221;fontspace-311238&#8243; css_animation=&#8221;bottom-t-top&#8221; el_class=&#8221;first-content-head&#8221;]Company events[\/vc_custom_heading][vc_column_text css_animation=&#8221;bottom-t-top&#8221; animation_delay=&#8221;200&#8243;]Wie w\u00e4re es mit einem Firmenmeeting, Seminar, Messeevent oder auch einer Konferenz im besonderen Ambiente? Warum nicht das Gesch\u00e4ftliche mit dem Gem\u00fctlichen verbinden? Wir haben die passende Location f\u00fcr Sie! Ob gro\u00dfer oder kleiner Rahmen \u2013 so macht Business richtig Spa\u00df. Wir empfehlen Ihnen f\u00fcr Ihre Konferenz die <a href=\"https:\/\/www.brauhaus-sion.de\/en\/facilities\/#alte-brauerei\">Alte Brauerei<\/a>.[\/vc_column_text][\/vc_column_inner][\/vc_row_inner][\/vc_column][\/vc_row][vc_row row_height_percent=&#8221;0&#8243; override_padding=&#8221;yes&#8221; h_padding=&#8221;2&#8243; top_padding=&#8221;0&#8243; bottom_padding=&#8221;2&#8243; overlay_alpha=&#8221;50&#8243; gutter_size=&#8221;3&#8243; column_width_percent=&#8221;100&#8243; shift_y=&#8221;0&#8243; z_index=&#8221;0&#8243; row_name=&#8221;weihnachtsfeiern&#8221;][vc_column column_width_percent=&#8221;100&#8243; gutter_size=&#8221;0&#8243; overlay_alpha=&#8221;50&#8243; shift_x=&#8221;0&#8243; shift_y=&#8221;0&#8243; shift_y_down=&#8221;0&#8243; z_index=&#8221;0&#8243; medium_width=&#8221;0&#8243; mobile_width=&#8221;0&#8243; width=&#8221;1\/1&#8243;][vc_row_inner row_inner_height_percent=&#8221;0&#8243; back_color=&#8221;color-xsdn&#8221; overlay_alpha=&#8221;50&#8243; gutter_size=&#8221;0&#8243; shift_y=&#8221;0&#8243; z_index=&#8221;0&#8243;][vc_column_inner column_width_percent=&#8221;100&#8243; align_horizontal=&#8221;align_right&#8221; gutter_size=&#8221;3&#8243; override_padding=&#8221;yes&#8221; column_padding=&#8221;2&#8243; overlay_alpha=&#8221;50&#8243; shift_x=&#8221;0&#8243; shift_y=&#8221;0&#8243; shift_y_down=&#8221;0&#8243; z_index=&#8221;0&#8243; medium_width=&#8221;7&#8243; align_mobile=&#8221;align_left_mobile&#8221; mobile_width=&#8221;0&#8243; width=&#8221;1\/2&#8243;][vc_custom_heading heading_semantic=&#8221;h3&#8243; text_font=&#8221;font-861782&#8243; text_size=&#8221;fontsize-196783&#8243; text_transform=&#8221;uppercase&#8221; text_height=&#8221;fontheight-467558&#8243; text_space=&#8221;fontspace-311238&#8243; css_animation=&#8221;bottom-t-top&#8221; el_class=&#8221;first-content-head&#8221;]Christmas parties[\/vc_custom_heading][vc_column_text css_animation=&#8221;bottom-t-top&#8221; animation_delay=&#8221;200&#8243;]Gemeinsam das Jahr Revue passieren lassen und die Weihnachtsfeier in besonderer Atmosph\u00e4re erleben. Hier f\u00fchlen Sie sich wohl und sto\u00dfen mit leckerem Sion K\u00f6lsch miteinander an. Und das mitten im Herzen der K\u00f6lns. Wie w\u00e4re es mit dem gelungenen Jahresabschluss in unserer <a href=\"https:\/\/www.brauhaus-sion.de\/en\/facilities\/#ratsstube\">Ratsstube<\/a>?[\/vc_column_text][\/vc_column_inner][vc_column_inner column_width_percent=&#8221;100&#8243; gutter_size=&#8221;0&#8243; override_padding=&#8221;yes&#8221; column_padding=&#8221;0&#8243; overlay_alpha=&#8221;50&#8243; shift_x=&#8221;0&#8243; shift_y=&#8221;0&#8243; shift_y_down=&#8221;0&#8243; z_index=&#8221;0&#8243; medium_width=&#8221;6&#8243; mobile_width=&#8221;0&#8243; width=&#8221;1\/2&#8243;][vc_single_image media=&#8221;1236&#8243; media_width_use_pixel=&#8221;yes&#8221; css_animation=&#8221;bottom-t-top&#8221;][\/vc_column_inner][\/vc_row_inner][\/vc_column][\/vc_row][vc_row][vc_column width=&#8221;1\/1&#8243;][\/vc_column][\/vc_row][vc_row][vc_column width=&#8221;1\/1&#8243;][uncode_block id=&#8221;20&#8243;][\/vc_column][\/vc_row]<\/p>\n<\/div>","protected":false},"excerpt":{"rendered":"<p>[vc_row row_height_percent=&#8221;100&#8243; override_padding=&#8221;yes&#8221; h_padding=&#8221;2&#8243; top_padding=&#8221;2&#8243; bottom_padding=&#8221;2&#8243; back_color=&#8221;color-jevc&#8221; back_image=&#8221;1229&#8243; kburns=&#8221;zoom&#8221; overlay_alpha=&#8221;50&#8243; gutter_size=&#8221;3&#8243; column_width_percent=&#8221;100&#8243; shift_y=&#8221;0&#8243; z_index=&#8221;0&#8243; auto_height_device=&#8221;yes&#8221; el_class=&#8221;header-light&#8221;][vc_column column_width_percent=&#8221;100&#8243; position_vertical=&#8221;middle&#8221; align_horizontal=&#8221;align_center&#8221; gutter_size=&#8221;3&#8243; [&hellip;]<\/p>\n","protected":false},"author":2,"featured_media":0,"parent":0,"menu_order":0,"comment_status":"closed","ping_status":"closed","template":"","meta":{"footnotes":""},"class_list":["post-3009","page","type-page","status-publish","hentry"],"publishpress_future_action":{"enabled":false,"date":"2026-04-26 11:29:45","action":"change-status","newStatus":"draft","terms":[],"taxonomy":"page_category","extraData":[]},"publishpress_future_workflow_manual_trigger":{"enabledWorkflows":[]},"_links":{"self":[{"href":"https:\/\/www.brauhaus-sion.de\/en\/wp-json\/wp\/v2\/pages\/3009","targetHints":{"allow":["GET"]}}],"collection":[{"href":"https:\/\/www.brauhaus-sion.de\/en\/wp-json\/wp\/v2\/pages"}],"about":[{"href":"https:\/\/www.brauhaus-sion.de\/en\/wp-json\/wp\/v2\/types\/page"}],"author":[{"embeddable":true,"href":"https:\/\/www.brauhaus-sion.de\/en\/wp-json\/wp\/v2\/users\/2"}],"replies":[{"embeddable":true,"href":"https:\/\/www.brauhaus-sion.de\/en\/wp-json\/wp\/v2\/comments?post=3009"}],"version-history":[{"count":6,"href":"https:\/\/www.brauhaus-sion.de\/en\/wp-json\/wp\/v2\/pages\/3009\/revisions"}],"predecessor-version":[{"id":3471,"href":"https:\/\/www.brauhaus-sion.de\/en\/wp-json\/wp\/v2\/pages\/3009\/revisions\/3471"}],"wp:attachment":[{"href":"https:\/\/www.brauhaus-sion.de\/en\/wp-json\/wp\/v2\/media?parent=3009"}],"curies":[{"name":"wp","href":"https:\/\/api.w.org\/{rel}","templated":true}]}}